{"id":245,"date":"2019-09-23T12:10:09","date_gmt":"2019-09-23T10:10:09","guid":{"rendered":"https:\/\/www.wortundschrift.de\/?page_id=245"},"modified":"2019-09-23T12:10:11","modified_gmt":"2019-09-23T10:10:11","slug":"privacy-policy","status":"publish","type":"page","link":"https:\/\/www.wortundschrift.de\/en\/privacy-policy\/","title":{"rendered":"Privacy Policy"},"content":{"rendered":"\n<h1 class=\"wp-block-heading\">Datenschutzerkl\u00e4rung<\/h1>\n\n\n\n<p>Personenbezogene Daten (nachfolgend meist nur \u201eDaten\u201c genannt) verarbeiten wir nur soweit erforderlich sowie um einen funktionsf\u00e4higen und nutzerfreundlichen Internetauftritt zu gew\u00e4hrleisten. Im Folgenden informieren wir Sie, um welche Daten es sich dabei handelt und zu welchem Zweck diese verarbeitet werden.<\/p>\n\n\n\n<h2 class=\"wp-block-heading\">1. Verantwortliche Anbieter<\/h2>\n\n\n\n<p>Verantwortliche Anbieter dieses Internetauftritts im datenschutzrechtlichen Sinne sind:&nbsp;<\/p>\n\n\n\n<p>Carola Geimer<br>Riedlstr. 7<br>D-80538 M\u00fcnchen<br>Deutschland&nbsp;<\/p>\n\n\n\n<p>Telefon: +49.174.3306320<br>E-Mail:&nbsp;<a href=\"c.geimer@wortundschrift.de\">c.geimer(at)wortundschrift.de<\/a><\/p>\n\n\n\n<p>und<\/p>\n\n\n\n<p>Erika Bentrup<br>Franz-Joseph-Str. 39<br>80801 M\u00fcnchen<br>Deutschland<\/p>\n\n\n\n<p>Telefon: +49.89.30001955<br>E-Mail:&nbsp;<a href=\"e.bentrup@wortundschrift.de\">e.bentrup(at)wortundschrift.de<\/a><\/p>\n\n\n\n<p>Bei den verantwortlichen Anbietern k\u00f6nnen Sie die unter Ziffer 5 aufgef\u00fchrten Rechte geltend machen und Einwilligungen widerrufen (Ziffer 3).&nbsp;<\/p>\n\n\n\n<p>Die gesetzlichen Voraussetzungen f\u00fcr die Bestellung eines betrieblichen Datenschutzbeauftragten liegen nicht vor.<\/p>\n\n\n\n<h2 class=\"wp-block-heading\">2. Protokolldaten des Webservers<\/h2>\n\n\n\n<p>Da wir keinen eigenen Webserver betreiben, der die IP-Adressen oder andere Daten von Besuchern unserer Website (www.wortundschrift.de) protokollieren w\u00fcrde, legen Sie uns gegen\u00fcber keinerlei Daten offen, wenn Sie unsere Website besuchen. Unsere Website wird von einem externen Anbieter betrieben, der 1&amp;1 Internet SE (1&amp;1 Internet SE, Der Datenschutzbeauftragte, Elgendorfer Str. 57, 56410 Montabaur,&nbsp;<a href=\"datenschutz@1und1.de\">datenschutz(at)1und1.de<\/a>).&nbsp;<\/p>\n\n\n\n<p>Aus technischen Gr\u00fcnden, insbesondere zur Gew\u00e4hrleistung eines sicheren und stabilen Internetauftritts, werden jedoch Daten durch Ihren Internet-Browser an 1&amp;1 \u00fcbermittelt. Mit diesen Server-Logfiles werden u.a. Typ und Version Ihres Internetbrowsers, das Betriebssystem, die Webseite, von der aus Sie auf unseren Internetauftritt gewechselt haben (Referrer URL), die Website unseres Internetauftritts, die Sie besuchen, Datum und Uhrzeit des jeweiligen Zugriffs sowie die IP-Adresse des Internetanschlusses, von dem aus die Nutzung unseres Internetauftritts erfolgt, erhoben.<\/p>\n\n\n\n<p>Die so erhobenen Daten werden vor\u00fcbergehend, jedoch nicht gemeinsam mit anderen Daten von Ihnen, gespeichert. 1&amp;1 beh\u00e4lt sich jedoch vor, diese Daten im Falle von konkreten Anhaltspunkten f\u00fcr eine rechtswidrige Nutzung nachtr\u00e4glich zu pr\u00fcfen.&nbsp;<\/p>\n\n\n\n<h2 class=\"wp-block-heading\">3. Kontaktanfragen<\/h2>\n\n\n\n<p>Sie k\u00f6nnen uns per E-Mail, Telefon, Fax oder auf dem Postweg kontaktieren. Welche Daten Sie dabei uns gegen\u00fcber \u00fcber Ihre Absenderadresse oder Telefonnummer hinaus offenlegen m\u00f6chten, entscheiden Sie selbst. &nbsp;<\/p>\n\n\n\n<p>Vorbehaltlich einer abweichenden Erkl\u00e4rung stellt eine solche Kontaktaufnahme Ihre Einwilligung in die Verarbeitung der uns \u00fcbermittelten Daten zum Zweck der Kontaktaufnahme mit Ihnen dar (Art. 6 Abs. 1 a) DS-GVO).&nbsp;<\/p>\n\n\n\n<p>Sie haben das Recht, diese Einwilligung zur Verarbeitung Ihrer Daten jederzeit zu widerrufen. Der Widerruf ist gegen\u00fcber den verantwortlichen Anbietern unter Ziffer 1 zu erkl\u00e4ren. Im Fall eines Widerrufs m\u00fcssen wir die weitere Verarbeitung Ihrer Daten unterlassen.&nbsp;<\/p>\n\n\n\n<p>Soweit keine ausdr\u00fcckliche Dauer f\u00fcr die Speicherung der Daten angegeben wird, l\u00f6schen wir die uns \u00fcbermittelten Daten, sobald diese nicht mehr zur Erf\u00fcllung des Zweckes der Verarbeitung, n\u00e4mlich einer (sich etwaig anschlie\u00dfenden) Auftragsabwicklung, erforderlich sind.&nbsp;<\/p>\n\n\n\n<h2 class=\"wp-block-heading\">4. \u00dcbermittlung und Weitergabe der personenbezogenen Daten an Dritte<\/h2>\n\n\n\n<p>Wir arbeiten mit Dienstleistern (sog. Auftragsverarbeitern) zusammen, wie etwa Anbietern f\u00fcr EDV und IT, Konferenztechnik und \u00dcbersetzen\/Dolmetschen. Diese Dienstleister werden nur nach unserer Weisung t\u00e4tig und sind zur Einhaltung der geltenden datenschutzrechtlichen Vorgaben verpflichtet.&nbsp;<\/p>\n\n\n\n<h2 class=\"wp-block-heading\">5. Rechte des Nutzers<\/h2>\n\n\n\n<p>Als Nutzer haben Sie folgende Rechte bzw. Anspr\u00fcche. Sollten Sie diese geltend machen, wird Ihr Anliegen umgehend bearbeitet. Es entstehen Ihnen dadurch keine Nachteile.&nbsp;<\/p>\n\n\n\n<ul class=\"wp-block-list\"><li>Auskunftsrecht (Art. 15 DSGVO)<\/li><li>Recht auf Berichtigung (Art. 16 DSGVO)<\/li><li>Recht auf L\u00f6schung (Art. 17 DSGVO)<\/li><li>Recht auf Einschr\u00e4nkung der Verarbeitung (Art. 18f. DSGVO)<\/li><li>Recht auf Daten\u00fcbertragbarkeit (Art. 20 DSGVO)<\/li><li>Widerspruchsrecht (Art. 21 DSGVO)<\/li><\/ul>\n\n\n\n<p>Au\u00dferdem haben Sie das Recht, eine Beschwerde bei einer Datenschutzbeh\u00f6rde zu erheben.&nbsp;<\/p>\n\n\n\n<h2 class=\"wp-block-heading\">6. Cookies<\/h2>\n\n\n\n<p>Die Website www.wortundschrift.de verwendet keine Cookies.<\/p>\n\n\n\n<h2 class=\"wp-block-heading\">7. Aufsichtsbeh\u00f6rde<\/h2>\n\n\n\n<p>Das Bayerische Landesamt f\u00fcr Datenschutzaufsicht ist f\u00fcr die Einhaltung des Datenschutzrechts im nicht-\u00f6ffentlichen Bereich in Bayern zust\u00e4ndig. &nbsp;<\/p>\n\n\n\n<p>Bayerisches Landesamt f\u00fcr Datenschutzaufsicht<br>Promenade 27 (Schloss)<br>91522 Ansbach<\/p>\n\n\n\n<p>Telefon: +49 (0) 981 53 1300<br>Telefax: +49 (0) 981 53 98 1300<\/p>\n\n\n\n<p>E-Mail:&nbsp;<a href=\"poststelle@lda.bayern.de\">poststelle(at)lda.bayern.de<\/a><\/p>\n\n\n\n<h2 class=\"wp-block-heading\">8. \u00c4nderung der Datenschutzerkl\u00e4rung<\/h2>\n\n\n\n<p>Wir behalten uns vor, diese Datenschutzerkl\u00e4rung bei Bedarf an ver\u00e4nderte Rahmenbedingungen anzupassen.<\/p>\n","protected":false},"excerpt":{"rendered":"<p>Datenschutzerkl\u00e4rung Personenbezogene Daten (nachfolgend meist nur \u201eDaten\u201c genannt) verarbeiten wir nur soweit erforderlich sowie um einen funktionsf\u00e4higen und nutzerfreundlichen Internetauftritt zu gew\u00e4hrleisten. Im Folgenden informieren wir Sie, um welche Daten es sich dabei handelt und zu welchem Zweck diese verarbeitet werden. 1. Verantwortliche Anbieter Verantwortliche Anbieter dieses Internetauftritts im datenschutzrechtlichen Sinne sind:&nbsp; Carola GeimerRiedlstr. 7D-80538 [&hellip;]<\/p>\n","protected":false},"author":1,"featured_media":0,"parent":0,"menu_order":0,"comment_status":"closed","ping_status":"open","template":"","meta":{"footnotes":""},"class_list":["post-245","page","type-page","status-publish","hentry"],"yoast_head":"<!-- This site is optimized with the Yoast SEO plugin v27.5 - https:\/\/yoast.com\/product\/yoast-seo-wordpress\/ -->\n<title>Wort &amp; Schrift:\u00a0We protect your personal data<\/title>\n<meta name=\"description\" content=\"The team of Wort &amp; Schrift will gladly provide more information and further references on request.\" \/>\n<meta name=\"robots\" content=\"index, follow, max-snippet:-1, max-image-preview:large, max-video-preview:-1\" \/>\n<link rel=\"canonical\" href=\"https:\/\/www.wortundschrift.de\/en\/privacy-policy\/\" \/>\n<meta property=\"og:locale\" content=\"en_US\" \/>\n<meta property=\"og:type\" content=\"article\" \/>\n<meta property=\"og:title\" content=\"Wort &amp; Schrift:\u00a0We protect your personal data\" \/>\n<meta property=\"og:description\" content=\"The team of Wort &amp; Schrift will gladly provide more information and further references on request.\" \/>\n<meta property=\"og:url\" content=\"https:\/\/www.wortundschrift.de\/en\/privacy-policy\/\" \/>\n<meta property=\"og:site_name\" content=\"Wort &amp; Schrift\" \/>\n<meta property=\"article:modified_time\" content=\"2019-09-23T10:10:11+00:00\" \/>\n<meta name=\"twitter:card\" content=\"summary_large_image\" \/>\n<meta name=\"twitter:label1\" content=\"Est. reading time\" \/>\n\t<meta name=\"twitter:data1\" content=\"3 minutes\" \/>\n<script type=\"application\/ld+json\" class=\"yoast-schema-graph\">{\"@context\":\"https:\\\/\\\/schema.org\",\"@graph\":[{\"@type\":\"WebPage\",\"@id\":\"https:\\\/\\\/www.wortundschrift.de\\\/en\\\/privacy-policy\\\/\",\"url\":\"https:\\\/\\\/www.wortundschrift.de\\\/en\\\/privacy-policy\\\/\",\"name\":\"Wort &amp; Schrift:\u00a0We protect your personal data\",\"isPartOf\":{\"@id\":\"https:\\\/\\\/www.wortundschrift.de\\\/en\\\/#website\"},\"datePublished\":\"2019-09-23T10:10:09+00:00\",\"dateModified\":\"2019-09-23T10:10:11+00:00\",\"description\":\"The team of Wort & Schrift will gladly provide more information and further references on request.\",\"breadcrumb\":{\"@id\":\"https:\\\/\\\/www.wortundschrift.de\\\/en\\\/privacy-policy\\\/#breadcrumb\"},\"inLanguage\":\"en-US\",\"potentialAction\":[{\"@type\":\"ReadAction\",\"target\":[\"https:\\\/\\\/www.wortundschrift.de\\\/en\\\/privacy-policy\\\/\"]}]},{\"@type\":\"BreadcrumbList\",\"@id\":\"https:\\\/\\\/www.wortundschrift.de\\\/en\\\/privacy-policy\\\/#breadcrumb\",\"itemListElement\":[{\"@type\":\"ListItem\",\"position\":1,\"name\":\"Startseite\",\"item\":\"https:\\\/\\\/www.wortundschrift.de\\\/en\\\/\"},{\"@type\":\"ListItem\",\"position\":2,\"name\":\"Privacy Policy\"}]},{\"@type\":\"WebSite\",\"@id\":\"https:\\\/\\\/www.wortundschrift.de\\\/en\\\/#website\",\"url\":\"https:\\\/\\\/www.wortundschrift.de\\\/en\\\/\",\"name\":\"Wort &amp; Schrift\",\"description\":\"\",\"potentialAction\":[{\"@type\":\"SearchAction\",\"target\":{\"@type\":\"EntryPoint\",\"urlTemplate\":\"https:\\\/\\\/www.wortundschrift.de\\\/en\\\/?s={search_term_string}\"},\"query-input\":{\"@type\":\"PropertyValueSpecification\",\"valueRequired\":true,\"valueName\":\"search_term_string\"}}],\"inLanguage\":\"en-US\"}]}<\/script>\n<!-- \/ Yoast SEO plugin. -->","yoast_head_json":{"title":"Wort &amp; Schrift:\u00a0We protect your personal data","description":"The team of Wort & Schrift will gladly provide more information and further references on request.","robots":{"index":"index","follow":"follow","max-snippet":"max-snippet:-1","max-image-preview":"max-image-preview:large","max-video-preview":"max-video-preview:-1"},"canonical":"https:\/\/www.wortundschrift.de\/en\/privacy-policy\/","og_locale":"en_US","og_type":"article","og_title":"Wort &amp; Schrift:\u00a0We protect your personal data","og_description":"The team of Wort & Schrift will gladly provide more information and further references on request.","og_url":"https:\/\/www.wortundschrift.de\/en\/privacy-policy\/","og_site_name":"Wort &amp; Schrift","article_modified_time":"2019-09-23T10:10:11+00:00","twitter_card":"summary_large_image","twitter_misc":{"Est. reading time":"3 minutes"},"schema":{"@context":"https:\/\/schema.org","@graph":[{"@type":"WebPage","@id":"https:\/\/www.wortundschrift.de\/en\/privacy-policy\/","url":"https:\/\/www.wortundschrift.de\/en\/privacy-policy\/","name":"Wort &amp; Schrift:\u00a0We protect your personal data","isPartOf":{"@id":"https:\/\/www.wortundschrift.de\/en\/#website"},"datePublished":"2019-09-23T10:10:09+00:00","dateModified":"2019-09-23T10:10:11+00:00","description":"The team of Wort & Schrift will gladly provide more information and further references on request.","breadcrumb":{"@id":"https:\/\/www.wortundschrift.de\/en\/privacy-policy\/#breadcrumb"},"inLanguage":"en-US","potentialAction":[{"@type":"ReadAction","target":["https:\/\/www.wortundschrift.de\/en\/privacy-policy\/"]}]},{"@type":"BreadcrumbList","@id":"https:\/\/www.wortundschrift.de\/en\/privacy-policy\/#breadcrumb","itemListElement":[{"@type":"ListItem","position":1,"name":"Startseite","item":"https:\/\/www.wortundschrift.de\/en\/"},{"@type":"ListItem","position":2,"name":"Privacy Policy"}]},{"@type":"WebSite","@id":"https:\/\/www.wortundschrift.de\/en\/#website","url":"https:\/\/www.wortundschrift.de\/en\/","name":"Wort &amp; Schrift","description":"","potentialAction":[{"@type":"SearchAction","target":{"@type":"EntryPoint","urlTemplate":"https:\/\/www.wortundschrift.de\/en\/?s={search_term_string}"},"query-input":{"@type":"PropertyValueSpecification","valueRequired":true,"valueName":"search_term_string"}}],"inLanguage":"en-US"}]}},"_links":{"self":[{"href":"https:\/\/www.wortundschrift.de\/en\/wp-json\/wp\/v2\/pages\/245","targetHints":{"allow":["GET"]}}],"collection":[{"href":"https:\/\/www.wortundschrift.de\/en\/wp-json\/wp\/v2\/pages"}],"about":[{"href":"https:\/\/www.wortundschrift.de\/en\/wp-json\/wp\/v2\/types\/page"}],"author":[{"embeddable":true,"href":"https:\/\/www.wortundschrift.de\/en\/wp-json\/wp\/v2\/users\/1"}],"replies":[{"embeddable":true,"href":"https:\/\/www.wortundschrift.de\/en\/wp-json\/wp\/v2\/comments?post=245"}],"version-history":[{"count":1,"href":"https:\/\/www.wortundschrift.de\/en\/wp-json\/wp\/v2\/pages\/245\/revisions"}],"predecessor-version":[{"id":247,"href":"https:\/\/www.wortundschrift.de\/en\/wp-json\/wp\/v2\/pages\/245\/revisions\/247"}],"wp:attachment":[{"href":"https:\/\/www.wortundschrift.de\/en\/wp-json\/wp\/v2\/media?parent=245"}],"curies":[{"name":"wp","href":"https:\/\/api.w.org\/{rel}","templated":true}]}}